{"id":13,"date":"2025-10-03T09:13:14","date_gmt":"2025-10-03T09:13:14","guid":{"rendered":"https:\/\/euro-movilcox.rkinformatika.online\/?page_id=13"},"modified":"2025-10-03T11:14:19","modified_gmt":"2025-10-03T11:14:19","slug":"servicios","status":"publish","type":"page","link":"https:\/\/euro-movilcox.com\/en\/servicios\/","title":{"rendered":"Services"},"content":{"rendered":"<div data-elementor-type=\"wp-page\" data-elementor-id=\"13\" class=\"elementor elementor-13\" data-elementor-post-type=\"page\">\n\t\t\t\t<div class=\"elementor-element elementor-element-4e4ecc8 e-con-full e-flex e-con e-parent\" data-id=\"4e4ecc8\" data-element_type=\"container\" data-e-type=\"container\" data-settings=\"{&quot;background_background&quot;:&quot;classic&quot;}\">\n\t\t\t\t<div class=\"elementor-element elementor-element-65e9ad5 elementor-widget elementor-widget-heading\" data-id=\"65e9ad5\" data-element_type=\"widget\" data-e-type=\"widget\" data-widget_type=\"heading.default\">\n\t\t\t\t\t<h2 class=\"elementor-heading-title elementor-size-default\">SERVICIOS<\/h2>\t\t\t\t<\/div>\n\t\t\t\t<\/div>\n\t\t<div class=\"elementor-element elementor-element-7d29cb1 e-flex e-con-boxed e-con e-parent\" data-id=\"7d29cb1\" data-element_type=\"container\" data-e-type=\"container\" data-settings=\"{&quot;background_background&quot;:&quot;classic&quot;}\">\n\t\t\t\t\t<div class=\"e-con-inner\">\n\t\t\t\t<div class=\"elementor-element elementor-element-038988f elementor-widget elementor-widget-heading\" data-id=\"038988f\" data-element_type=\"widget\" data-e-type=\"widget\" data-widget_type=\"heading.default\">\n\t\t\t\t\t<h2 class=\"elementor-heading-title elementor-size-default\">M\u00e1s de 33 a\u00f1os de experiencia a tu servicio. Ven y comprueba la calidad y profesionalidad de nuestro taller.<\/h2>\t\t\t\t<\/div>\n\t\t\t\t\t<\/div>\n\t\t\t\t<\/div>\n\t\t<div class=\"elementor-element elementor-element-1485f35 e-flex e-con-boxed e-con e-parent\" data-id=\"1485f35\" data-element_type=\"container\" data-e-type=\"container\" data-settings=\"{&quot;background_background&quot;:&quot;classic&quot;}\">\n\t\t\t\t\t<div class=\"e-con-inner\">\n\t\t\t\t<div class=\"elementor-element elementor-element-010a292 elementor-widget-mobile__width-inherit elementor-widget elementor-widget-image-box\" data-id=\"010a292\" data-element_type=\"widget\" data-e-type=\"widget\" data-widget_type=\"image-box.default\">\n\t\t\t\t\t<div class=\"elementor-image-box-wrapper\"><div class=\"elementor-image-box-content\"><h3 class=\"elementor-image-box-title\">Mec\u00e1nica General<\/h3><p class=\"elementor-image-box-description\">Mantenimiento preventivo y revisiones oficiales.\n<br><br>\nReparaci\u00f3n de motores, cajas de cambio y sistemas de transmisi\u00f3n.\n<br><br>\nSustituci\u00f3n de embragues, correas de distribuci\u00f3n y frenos.\n<br><br>\nDiagn\u00f3stico y soluci\u00f3n de aver\u00edas mec\u00e1nicas.\n<br><br><\/p><\/div><\/div>\t\t\t\t<\/div>\n\t\t\t\t<div class=\"elementor-element elementor-element-6044d2e elementor-widget-mobile__width-inherit elementor-widget elementor-widget-image-box\" data-id=\"6044d2e\" data-element_type=\"widget\" data-e-type=\"widget\" data-widget_type=\"image-box.default\">\n\t\t\t\t\t<div class=\"elementor-image-box-wrapper\"><div class=\"elementor-image-box-content\"><h3 class=\"elementor-image-box-title\">Electricidad y Electr\u00f3nica<\/h3><p class=\"elementor-image-box-description\">Reparaci\u00f3n y sustituci\u00f3n de alternadores, bater\u00edas y sistemas de arranque.\n<br><br>\nDiagn\u00f3stico electr\u00f3nico con equipos de \u00faltima generaci\u00f3n.\n<br><br>\nReparaci\u00f3n de centralitas, sensores y sistemas electr\u00f3nicos avanzados.\n<br><br>\nRevisi\u00f3n y reparaci\u00f3n de sistemas de climatizaci\u00f3n y confort.\n<br><br><\/p><\/div><\/div>\t\t\t\t<\/div>\n\t\t\t\t<div class=\"elementor-element elementor-element-617e540 elementor-widget-mobile__width-inherit elementor-widget elementor-widget-image-box\" data-id=\"617e540\" data-element_type=\"widget\" data-e-type=\"widget\" data-widget_type=\"image-box.default\">\n\t\t\t\t\t<div class=\"elementor-image-box-wrapper\"><div class=\"elementor-image-box-content\"><h3 class=\"elementor-image-box-title\">Veh\u00edculos de Alta Gama<\/h3><p class=\"elementor-image-box-description\">Especialistas en las principales marcas premium:\n<br><br>\nBMW \/ Audi \/ Mercedes-Benz<\/p><\/div><\/div>\t\t\t\t<\/div>\n\t\t\t\t\t<\/div>\n\t\t\t\t<\/div>\n\t\t<div class=\"elementor-element elementor-element-a09534a e-con-full e-flex e-con e-parent\" data-id=\"a09534a\" data-element_type=\"container\" data-e-type=\"container\" data-settings=\"{&quot;background_background&quot;:&quot;classic&quot;}\">\n\t\t\t\t<div class=\"elementor-element elementor-element-999a86e elementor-cta--skin-cover elementor-animated-content elementor-bg-transform elementor-bg-transform-zoom-in elementor-widget elementor-widget-call-to-action\" data-id=\"999a86e\" data-element_type=\"widget\" data-e-type=\"widget\" data-widget_type=\"call-to-action.default\">\n\t\t\t\t\t\t\t<div class=\"elementor-cta\">\n\t\t\t\t\t<div class=\"elementor-cta__bg-wrapper\">\n\t\t\t\t<div class=\"elementor-cta__bg elementor-bg\" style=\"background-image: url(https:\/\/euro-movilcox.com\/wp-content\/uploads\/2025\/10\/2438910-1024x576.jpg);\" role=\"img\" aria-label=\"2438910\"><\/div>\n\t\t\t\t<div class=\"elementor-cta__bg-overlay\"><\/div>\n\t\t\t<\/div>\n\t\t\t\t\t\t\t<div class=\"elementor-cta__content\">\n\t\t\t\t\n\t\t\t\t\t\t\t\t\t<h2 class=\"elementor-cta__title elementor-cta__content-item elementor-content-item elementor-animated-item--grow\">\n\t\t\t\t\t\t\u00bfQuieres pedir cita o presupuesto?\t\t\t\t\t<\/h2>\n\t\t\t\t\n\t\t\t\t\t\t\t\t\t<div class=\"elementor-cta__description elementor-cta__content-item elementor-content-item elementor-animated-item--grow\">\n\t\t\t\t\t\tEstamos a tu disposici\u00f3n para resolver tus dudas y ofrecerte el mejor servicio.\t\t\t\t\t<\/div>\n\t\t\t\t\n\t\t\t\t\t\t\t\t\t<div class=\"elementor-cta__button-wrapper elementor-cta__content-item elementor-content-item elementor-animated-item--grow\">\n\t\t\t\t\t<a class=\"elementor-cta__button elementor-button elementor-size-\" href=\"https:\/\/euro-movilcox.com\/en\/contactos\/\">\n\t\t\t\t\t\tContact\t\t\t\t\t<\/a>\n\t\t\t\t\t<\/div>\n\t\t\t\t\t\t\t<\/div>\n\t\t\t\t\t\t<\/div>\n\t\t\t\t\t\t<\/div>\n\t\t\t\t<\/div>\n\t\t\t\t<\/div>","protected":false},"excerpt":{"rendered":"<p>SERVICIOS M\u00e1s de 33 a\u00f1os de experiencia a tu servicio. Ven y comprueba la calidad y profesionalidad de nuestro taller. Mec\u00e1nica General Mantenimiento preventivo y revisiones oficiales. Reparaci\u00f3n de motores, cajas de cambio y sistemas de transmisi\u00f3n. Sustituci\u00f3n de embragues, correas de distribuci\u00f3n y frenos. Diagn\u00f3stico y soluci\u00f3n de aver\u00edas mec\u00e1nicas. Electricidad y Electr\u00f3nica Reparaci\u00f3n [&hellip;]<\/p>\n","protected":false},"author":1,"featured_media":0,"parent":0,"menu_order":0,"comment_status":"closed","ping_status":"closed","template":"elementor_canvas","meta":{"footnotes":""},"class_list":["post-13","page","type-page","status-publish","hentry"],"yoast_head":"<!-- This site is optimized with the Yoast SEO plugin v27.3 - https:\/\/yoast.com\/product\/yoast-seo-wordpress\/ -->\n<title>Servicios - Euro Movilcox<\/title>\n<meta name=\"robots\" content=\"index, follow, max-snippet:-1, max-image-preview:large, max-video-preview:-1\" \/>\n<link rel=\"canonical\" href=\"https:\/\/euro-movilcox.com\/en\/servicios\/\" \/>\n<meta property=\"og:locale\" content=\"en_GB\" \/>\n<meta property=\"og:type\" content=\"article\" \/>\n<meta property=\"og:title\" content=\"Servicios - Euro Movilcox\" \/>\n<meta property=\"og:description\" content=\"SERVICIOS M\u00e1s de 33 a\u00f1os de experiencia a tu servicio. Ven y comprueba la calidad y profesionalidad de nuestro taller. Mec\u00e1nica General Mantenimiento preventivo y revisiones oficiales. Reparaci\u00f3n de motores, cajas de cambio y sistemas de transmisi\u00f3n. Sustituci\u00f3n de embragues, correas de distribuci\u00f3n y frenos. Diagn\u00f3stico y soluci\u00f3n de aver\u00edas mec\u00e1nicas. Electricidad y Electr\u00f3nica Reparaci\u00f3n [&hellip;]\" \/>\n<meta property=\"og:url\" content=\"https:\/\/euro-movilcox.com\/en\/servicios\/\" \/>\n<meta property=\"og:site_name\" content=\"Euro Movilcox\" \/>\n<meta property=\"article:modified_time\" content=\"2025-10-03T11:14:19+00:00\" \/>\n<meta name=\"twitter:card\" content=\"summary_large_image\" \/>\n<meta name=\"twitter:label1\" content=\"Estimated reading time\" \/>\n\t<meta name=\"twitter:data1\" content=\"1 minute\" \/>\n<script type=\"application\/ld+json\" class=\"yoast-schema-graph\">{\"@context\":\"https:\\\/\\\/schema.org\",\"@graph\":[{\"@type\":\"WebPage\",\"@id\":\"https:\\\/\\\/euro-movilcox.com\\\/servicios\\\/\",\"url\":\"https:\\\/\\\/euro-movilcox.com\\\/servicios\\\/\",\"name\":\"Servicios - Euro Movilcox\",\"isPartOf\":{\"@id\":\"https:\\\/\\\/euro-movilcox.com\\\/#website\"},\"datePublished\":\"2025-10-03T09:13:14+00:00\",\"dateModified\":\"2025-10-03T11:14:19+00:00\",\"breadcrumb\":{\"@id\":\"https:\\\/\\\/euro-movilcox.com\\\/servicios\\\/#breadcrumb\"},\"inLanguage\":\"en-GB\",\"potentialAction\":[{\"@type\":\"ReadAction\",\"target\":[\"https:\\\/\\\/euro-movilcox.com\\\/servicios\\\/\"]}]},{\"@type\":\"BreadcrumbList\",\"@id\":\"https:\\\/\\\/euro-movilcox.com\\\/servicios\\\/#breadcrumb\",\"itemListElement\":[{\"@type\":\"ListItem\",\"position\":1,\"name\":\"Portada\",\"item\":\"https:\\\/\\\/euro-movilcox.com\\\/\"},{\"@type\":\"ListItem\",\"position\":2,\"name\":\"Servicios\"}]},{\"@type\":\"WebSite\",\"@id\":\"https:\\\/\\\/euro-movilcox.com\\\/#website\",\"url\":\"https:\\\/\\\/euro-movilcox.com\\\/\",\"name\":\"Euro Movilcox\",\"description\":\"Taller mec\u00e1nico\",\"publisher\":{\"@id\":\"https:\\\/\\\/euro-movilcox.com\\\/#organization\"},\"potentialAction\":[{\"@type\":\"SearchAction\",\"target\":{\"@type\":\"EntryPoint\",\"urlTemplate\":\"https:\\\/\\\/euro-movilcox.com\\\/?s={search_term_string}\"},\"query-input\":{\"@type\":\"PropertyValueSpecification\",\"valueRequired\":true,\"valueName\":\"search_term_string\"}}],\"inLanguage\":\"en-GB\"},{\"@type\":\"Organization\",\"@id\":\"https:\\\/\\\/euro-movilcox.com\\\/#organization\",\"name\":\"Euro Movilcox\",\"url\":\"https:\\\/\\\/euro-movilcox.com\\\/\",\"logo\":{\"@type\":\"ImageObject\",\"inLanguage\":\"en-GB\",\"@id\":\"https:\\\/\\\/euro-movilcox.com\\\/#\\\/schema\\\/logo\\\/image\\\/\",\"url\":\"https:\\\/\\\/euro-movilcox.com\\\/wp-content\\\/uploads\\\/2025\\\/10\\\/cropped-Diseno-sin-titulo.png\",\"contentUrl\":\"https:\\\/\\\/euro-movilcox.com\\\/wp-content\\\/uploads\\\/2025\\\/10\\\/cropped-Diseno-sin-titulo.png\",\"width\":471,\"height\":252,\"caption\":\"Euro Movilcox\"},\"image\":{\"@id\":\"https:\\\/\\\/euro-movilcox.com\\\/#\\\/schema\\\/logo\\\/image\\\/\"}}]}<\/script>\n<!-- \/ Yoast SEO plugin. -->","yoast_head_json":{"title":"Servicios - Euro Movilcox","robots":{"index":"index","follow":"follow","max-snippet":"max-snippet:-1","max-image-preview":"max-image-preview:large","max-video-preview":"max-video-preview:-1"},"canonical":"https:\/\/euro-movilcox.com\/en\/servicios\/","og_locale":"en_GB","og_type":"article","og_title":"Servicios - Euro Movilcox","og_description":"SERVICIOS M\u00e1s de 33 a\u00f1os de experiencia a tu servicio. Ven y comprueba la calidad y profesionalidad de nuestro taller. Mec\u00e1nica General Mantenimiento preventivo y revisiones oficiales. Reparaci\u00f3n de motores, cajas de cambio y sistemas de transmisi\u00f3n. Sustituci\u00f3n de embragues, correas de distribuci\u00f3n y frenos. Diagn\u00f3stico y soluci\u00f3n de aver\u00edas mec\u00e1nicas. Electricidad y Electr\u00f3nica Reparaci\u00f3n [&hellip;]","og_url":"https:\/\/euro-movilcox.com\/en\/servicios\/","og_site_name":"Euro Movilcox","article_modified_time":"2025-10-03T11:14:19+00:00","twitter_card":"summary_large_image","twitter_misc":{"Estimated reading time":"1 minute"},"schema":{"@context":"https:\/\/schema.org","@graph":[{"@type":"WebPage","@id":"https:\/\/euro-movilcox.com\/servicios\/","url":"https:\/\/euro-movilcox.com\/servicios\/","name":"Servicios - Euro Movilcox","isPartOf":{"@id":"https:\/\/euro-movilcox.com\/#website"},"datePublished":"2025-10-03T09:13:14+00:00","dateModified":"2025-10-03T11:14:19+00:00","breadcrumb":{"@id":"https:\/\/euro-movilcox.com\/servicios\/#breadcrumb"},"inLanguage":"en-GB","potentialAction":[{"@type":"ReadAction","target":["https:\/\/euro-movilcox.com\/servicios\/"]}]},{"@type":"BreadcrumbList","@id":"https:\/\/euro-movilcox.com\/servicios\/#breadcrumb","itemListElement":[{"@type":"ListItem","position":1,"name":"Portada","item":"https:\/\/euro-movilcox.com\/"},{"@type":"ListItem","position":2,"name":"Servicios"}]},{"@type":"WebSite","@id":"https:\/\/euro-movilcox.com\/#website","url":"https:\/\/euro-movilcox.com\/","name":"Euro Movilcox","description":"Taller mec\u00e1nico","publisher":{"@id":"https:\/\/euro-movilcox.com\/#organization"},"potentialAction":[{"@type":"SearchAction","target":{"@type":"EntryPoint","urlTemplate":"https:\/\/euro-movilcox.com\/?s={search_term_string}"},"query-input":{"@type":"PropertyValueSpecification","valueRequired":true,"valueName":"search_term_string"}}],"inLanguage":"en-GB"},{"@type":"Organization","@id":"https:\/\/euro-movilcox.com\/#organization","name":"Euro Movilcox","url":"https:\/\/euro-movilcox.com\/","logo":{"@type":"ImageObject","inLanguage":"en-GB","@id":"https:\/\/euro-movilcox.com\/#\/schema\/logo\/image\/","url":"https:\/\/euro-movilcox.com\/wp-content\/uploads\/2025\/10\/cropped-Diseno-sin-titulo.png","contentUrl":"https:\/\/euro-movilcox.com\/wp-content\/uploads\/2025\/10\/cropped-Diseno-sin-titulo.png","width":471,"height":252,"caption":"Euro Movilcox"},"image":{"@id":"https:\/\/euro-movilcox.com\/#\/schema\/logo\/image\/"}}]}},"_links":{"self":[{"href":"https:\/\/euro-movilcox.com\/en\/wp-json\/wp\/v2\/pages\/13","targetHints":{"allow":["GET"]}}],"collection":[{"href":"https:\/\/euro-movilcox.com\/en\/wp-json\/wp\/v2\/pages"}],"about":[{"href":"https:\/\/euro-movilcox.com\/en\/wp-json\/wp\/v2\/types\/page"}],"author":[{"embeddable":true,"href":"https:\/\/euro-movilcox.com\/en\/wp-json\/wp\/v2\/users\/1"}],"replies":[{"embeddable":true,"href":"https:\/\/euro-movilcox.com\/en\/wp-json\/wp\/v2\/comments?post=13"}],"version-history":[{"count":40,"href":"https:\/\/euro-movilcox.com\/en\/wp-json\/wp\/v2\/pages\/13\/revisions"}],"predecessor-version":[{"id":231,"href":"https:\/\/euro-movilcox.com\/en\/wp-json\/wp\/v2\/pages\/13\/revisions\/231"}],"wp:attachment":[{"href":"https:\/\/euro-movilcox.com\/en\/wp-json\/wp\/v2\/media?parent=13"}],"curies":[{"name":"wp","href":"https:\/\/api.w.org\/{rel}","templated":true}]}}