{"id":10,"date":"2025-10-03T09:10:48","date_gmt":"2025-10-03T09:10:48","guid":{"rendered":"https:\/\/euro-movilcox.rkinformatika.online\/?page_id=10"},"modified":"2025-10-03T11:18:32","modified_gmt":"2025-10-03T11:18:32","slug":"inicio","status":"publish","type":"page","link":"https:\/\/euro-movilcox.com\/en\/","title":{"rendered":"Home"},"content":{"rendered":"<div data-elementor-type=\"wp-page\" data-elementor-id=\"10\" class=\"elementor elementor-10\" data-elementor-post-type=\"page\">\n\t\t\t\t<div class=\"elementor-element elementor-element-389f507 e-con-full e-flex e-con e-parent\" data-id=\"389f507\" data-element_type=\"container\" data-e-type=\"container\" data-settings=\"{&quot;background_background&quot;:&quot;classic&quot;}\">\n\t\t\t\t<div class=\"elementor-element elementor-element-6acc56b elementor-widget elementor-widget-heading\" data-id=\"6acc56b\" data-element_type=\"widget\" data-e-type=\"widget\" data-widget_type=\"heading.default\">\n\t\t\t\t\t<h2 class=\"elementor-heading-title elementor-size-default\">Euro-Movil Cox<\/h2>\t\t\t\t<\/div>\n\t\t\t\t<\/div>\n\t\t<div class=\"elementor-element elementor-element-06f0e56 e-flex e-con-boxed e-con e-parent\" data-id=\"06f0e56\" data-element_type=\"container\" data-e-type=\"container\" data-settings=\"{&quot;background_background&quot;:&quot;classic&quot;}\">\n\t\t\t\t\t<div class=\"e-con-inner\">\n\t\t<div class=\"elementor-element elementor-element-47bbbed e-con-full e-flex e-con e-child\" data-id=\"47bbbed\" data-element_type=\"container\" data-e-type=\"container\">\n\t\t\t\t<div class=\"elementor-element elementor-element-39b3f4f elementor-widget elementor-widget-image\" data-id=\"39b3f4f\" data-element_type=\"widget\" data-e-type=\"widget\" data-widget_type=\"image.default\">\n\t\t\t\t\t\t\t\t\t\t\t\t\t\t\t<img fetchpriority=\"high\" decoding=\"async\" width=\"800\" height=\"531\" src=\"https:\/\/euro-movilcox.com\/wp-content\/uploads\/2025\/10\/9453-1024x680.jpg\" class=\"attachment-large size-large wp-image-160\" alt=\"\" srcset=\"https:\/\/euro-movilcox.com\/wp-content\/uploads\/2025\/10\/9453-1024x680.jpg 1024w, https:\/\/euro-movilcox.com\/wp-content\/uploads\/2025\/10\/9453-300x199.jpg 300w, https:\/\/euro-movilcox.com\/wp-content\/uploads\/2025\/10\/9453-768x510.jpg 768w, https:\/\/euro-movilcox.com\/wp-content\/uploads\/2025\/10\/9453-18x12.jpg 18w, https:\/\/euro-movilcox.com\/wp-content\/uploads\/2025\/10\/9453.jpg 1500w\" sizes=\"(max-width: 800px) 100vw, 800px\" \/>\t\t\t\t\t\t\t\t\t\t\t\t\t\t\t<\/div>\n\t\t\t\t<\/div>\n\t\t<div class=\"elementor-element elementor-element-2f05fca e-con-full e-flex e-con e-child\" data-id=\"2f05fca\" data-element_type=\"container\" data-e-type=\"container\">\n\t\t\t\t<div class=\"elementor-element elementor-element-00ea7a2 elementor-widget elementor-widget-heading\" data-id=\"00ea7a2\" data-element_type=\"widget\" data-e-type=\"widget\" data-widget_type=\"heading.default\">\n\t\t\t\t\t<h2 class=\"elementor-heading-title elementor-size-default\">About us<\/h2>\t\t\t\t<\/div>\n\t\t\t\t<div class=\"elementor-element elementor-element-34f04d8 elementor-widget elementor-widget-text-editor\" data-id=\"34f04d8\" data-element_type=\"widget\" data-e-type=\"widget\" data-widget_type=\"text-editor.default\">\n\t\t\t\t\t\t\t\t\t<p data-start=\"105\" data-end=\"359\">At Euro-M\u00f3vil Cox, we've been serving our customers for over 33 years, since 1991. Our auto repair shop has established itself as a benchmark in the region thanks to the experience, reliability, and trust we offer in every repair.<\/p><p data-start=\"361\" data-end=\"555\">We're passionate about the automotive world and committed to keeping your vehicle in top condition, combining tradition with the latest diagnostic and repair technologies.<\/p>\t\t\t\t\t\t\t\t<\/div>\n\t\t\t\t<\/div>\n\t\t\t\t\t<\/div>\n\t\t\t\t<\/div>\n\t\t<div class=\"elementor-element elementor-element-bbf4e96 e-con-full e-flex e-con e-parent\" data-id=\"bbf4e96\" data-element_type=\"container\" data-e-type=\"container\" data-settings=\"{&quot;background_background&quot;:&quot;classic&quot;}\">\n\t\t\t\t<div class=\"elementor-element elementor-element-e3a2a4f elementor-cta--skin-cover elementor-animated-content elementor-bg-transform elementor-bg-transform-zoom-in elementor-widget elementor-widget-call-to-action\" data-id=\"e3a2a4f\" data-element_type=\"widget\" data-e-type=\"widget\" data-widget_type=\"call-to-action.default\">\n\t\t\t\t\t\t\t<div class=\"elementor-cta\">\n\t\t\t\t\t<div class=\"elementor-cta__bg-wrapper\">\n\t\t\t\t<div class=\"elementor-cta__bg elementor-bg\" style=\"background-image: url(https:\/\/euro-movilcox.com\/wp-content\/uploads\/2025\/10\/2438910-1024x576.jpg);\" role=\"img\" aria-label=\"2438910\"><\/div>\n\t\t\t\t<div class=\"elementor-cta__bg-overlay\"><\/div>\n\t\t\t<\/div>\n\t\t\t\t\t\t\t<div class=\"elementor-cta__content\">\n\t\t\t\t\n\t\t\t\t\t\t\t\t\t<h2 class=\"elementor-cta__title elementor-cta__content-item elementor-content-item elementor-animated-item--grow\">\n\t\t\t\t\t\tDiscover everything we can do for your car\t\t\t\t\t<\/h2>\n\t\t\t\t\n\t\t\t\t\t\t\t\t\t<div class=\"elementor-cta__description elementor-cta__content-item elementor-content-item elementor-animated-item--grow\">\n\t\t\t\t\t\tMechanics, electricity and electronics with the maximum guarantee.\t\t\t\t\t<\/div>\n\t\t\t\t\n\t\t\t\t\t\t\t\t\t<div class=\"elementor-cta__button-wrapper elementor-cta__content-item elementor-content-item elementor-animated-item--grow\">\n\t\t\t\t\t<a class=\"elementor-cta__button elementor-button elementor-size-\" href=\"https:\/\/euro-movilcox.com\/en\/servicios\/\">\n\t\t\t\t\t\tServices\t\t\t\t\t<\/a>\n\t\t\t\t\t<\/div>\n\t\t\t\t\t\t\t<\/div>\n\t\t\t\t\t\t<\/div>\n\t\t\t\t\t\t<\/div>\n\t\t\t\t<\/div>\n\t\t\t\t<\/div>","protected":false},"excerpt":{"rendered":"<p>Euro-Movil Cox Sobre nosotros En Euro-M\u00f3vil Cox llevamos m\u00e1s de 33 a\u00f1os al servicio de nuestros clientes, desde 1991. Nuestro taller mec\u00e1nico se ha consolidado como un referente en la comarca gracias a la experiencia, la seriedad y la confianza que ofrecemos en cada reparaci\u00f3n. Nos apasiona el mundo del motor y trabajamos con el [&hellip;]<\/p>\n","protected":false},"author":1,"featured_media":0,"parent":0,"menu_order":0,"comment_status":"closed","ping_status":"closed","template":"elementor_canvas","meta":{"footnotes":""},"class_list":["post-10","page","type-page","status-publish","hentry"],"yoast_head":"<!-- This site is optimized with the Yoast SEO plugin v27.3 - https:\/\/yoast.com\/product\/yoast-seo-wordpress\/ -->\n<title>Inicio - Euro Movilcox<\/title>\n<meta name=\"robots\" content=\"index, follow, max-snippet:-1, max-image-preview:large, max-video-preview:-1\" \/>\n<link rel=\"canonical\" href=\"https:\/\/euro-movilcox.com\/en\/\" \/>\n<meta property=\"og:locale\" content=\"en_GB\" \/>\n<meta property=\"og:type\" content=\"article\" \/>\n<meta property=\"og:title\" content=\"Inicio - Euro Movilcox\" \/>\n<meta property=\"og:description\" content=\"Euro-Movil Cox Sobre nosotros En Euro-M\u00f3vil Cox llevamos m\u00e1s de 33 a\u00f1os al servicio de nuestros clientes, desde 1991. Nuestro taller mec\u00e1nico se ha consolidado como un referente en la comarca gracias a la experiencia, la seriedad y la confianza que ofrecemos en cada reparaci\u00f3n. Nos apasiona el mundo del motor y trabajamos con el [&hellip;]\" \/>\n<meta property=\"og:url\" content=\"https:\/\/euro-movilcox.com\/en\/\" \/>\n<meta property=\"og:site_name\" content=\"Euro Movilcox\" \/>\n<meta property=\"article:modified_time\" content=\"2025-10-03T11:18:32+00:00\" \/>\n<meta property=\"og:image\" content=\"https:\/\/euro-movilcox.com\/wp-content\/uploads\/2025\/10\/9453-1024x680.jpg\" \/>\n<meta name=\"twitter:card\" content=\"summary_large_image\" \/>\n<meta name=\"twitter:label1\" content=\"Estimated reading time\" \/>\n\t<meta name=\"twitter:data1\" content=\"1 minute\" \/>\n<script type=\"application\/ld+json\" class=\"yoast-schema-graph\">{\"@context\":\"https:\\\/\\\/schema.org\",\"@graph\":[{\"@type\":\"WebPage\",\"@id\":\"https:\\\/\\\/euro-movilcox.com\\\/\",\"url\":\"https:\\\/\\\/euro-movilcox.com\\\/\",\"name\":\"Inicio - Euro Movilcox\",\"isPartOf\":{\"@id\":\"https:\\\/\\\/euro-movilcox.com\\\/#website\"},\"primaryImageOfPage\":{\"@id\":\"https:\\\/\\\/euro-movilcox.com\\\/#primaryimage\"},\"image\":{\"@id\":\"https:\\\/\\\/euro-movilcox.com\\\/#primaryimage\"},\"thumbnailUrl\":\"https:\\\/\\\/euro-movilcox.com\\\/wp-content\\\/uploads\\\/2025\\\/10\\\/9453-1024x680.jpg\",\"datePublished\":\"2025-10-03T09:10:48+00:00\",\"dateModified\":\"2025-10-03T11:18:32+00:00\",\"breadcrumb\":{\"@id\":\"https:\\\/\\\/euro-movilcox.com\\\/#breadcrumb\"},\"inLanguage\":\"en-GB\",\"potentialAction\":[{\"@type\":\"ReadAction\",\"target\":[\"https:\\\/\\\/euro-movilcox.com\\\/\"]}]},{\"@type\":\"ImageObject\",\"inLanguage\":\"en-GB\",\"@id\":\"https:\\\/\\\/euro-movilcox.com\\\/#primaryimage\",\"url\":\"https:\\\/\\\/euro-movilcox.com\\\/wp-content\\\/uploads\\\/2025\\\/10\\\/9453-1024x680.jpg\",\"contentUrl\":\"https:\\\/\\\/euro-movilcox.com\\\/wp-content\\\/uploads\\\/2025\\\/10\\\/9453-1024x680.jpg\"},{\"@type\":\"BreadcrumbList\",\"@id\":\"https:\\\/\\\/euro-movilcox.com\\\/#breadcrumb\",\"itemListElement\":[{\"@type\":\"ListItem\",\"position\":1,\"name\":\"Portada\",\"item\":\"https:\\\/\\\/euro-movilcox.com\\\/\"},{\"@type\":\"ListItem\",\"position\":2,\"name\":\"Inicio\"}]},{\"@type\":\"WebSite\",\"@id\":\"https:\\\/\\\/euro-movilcox.com\\\/#website\",\"url\":\"https:\\\/\\\/euro-movilcox.com\\\/\",\"name\":\"Euro Movilcox\",\"description\":\"Taller mec\u00e1nico\",\"publisher\":{\"@id\":\"https:\\\/\\\/euro-movilcox.com\\\/#organization\"},\"potentialAction\":[{\"@type\":\"SearchAction\",\"target\":{\"@type\":\"EntryPoint\",\"urlTemplate\":\"https:\\\/\\\/euro-movilcox.com\\\/?s={search_term_string}\"},\"query-input\":{\"@type\":\"PropertyValueSpecification\",\"valueRequired\":true,\"valueName\":\"search_term_string\"}}],\"inLanguage\":\"en-GB\"},{\"@type\":\"Organization\",\"@id\":\"https:\\\/\\\/euro-movilcox.com\\\/#organization\",\"name\":\"Euro Movilcox\",\"url\":\"https:\\\/\\\/euro-movilcox.com\\\/\",\"logo\":{\"@type\":\"ImageObject\",\"inLanguage\":\"en-GB\",\"@id\":\"https:\\\/\\\/euro-movilcox.com\\\/#\\\/schema\\\/logo\\\/image\\\/\",\"url\":\"https:\\\/\\\/euro-movilcox.com\\\/wp-content\\\/uploads\\\/2025\\\/10\\\/cropped-Diseno-sin-titulo.png\",\"contentUrl\":\"https:\\\/\\\/euro-movilcox.com\\\/wp-content\\\/uploads\\\/2025\\\/10\\\/cropped-Diseno-sin-titulo.png\",\"width\":471,\"height\":252,\"caption\":\"Euro Movilcox\"},\"image\":{\"@id\":\"https:\\\/\\\/euro-movilcox.com\\\/#\\\/schema\\\/logo\\\/image\\\/\"}}]}<\/script>\n<!-- \/ Yoast SEO plugin. -->","yoast_head_json":{"title":"Inicio - Euro Movilcox","robots":{"index":"index","follow":"follow","max-snippet":"max-snippet:-1","max-image-preview":"max-image-preview:large","max-video-preview":"max-video-preview:-1"},"canonical":"https:\/\/euro-movilcox.com\/en\/","og_locale":"en_GB","og_type":"article","og_title":"Inicio - Euro Movilcox","og_description":"Euro-Movil Cox Sobre nosotros En Euro-M\u00f3vil Cox llevamos m\u00e1s de 33 a\u00f1os al servicio de nuestros clientes, desde 1991. Nuestro taller mec\u00e1nico se ha consolidado como un referente en la comarca gracias a la experiencia, la seriedad y la confianza que ofrecemos en cada reparaci\u00f3n. Nos apasiona el mundo del motor y trabajamos con el [&hellip;]","og_url":"https:\/\/euro-movilcox.com\/en\/","og_site_name":"Euro Movilcox","article_modified_time":"2025-10-03T11:18:32+00:00","og_image":[{"url":"https:\/\/euro-movilcox.com\/wp-content\/uploads\/2025\/10\/9453-1024x680.jpg","type":"","width":"","height":""}],"twitter_card":"summary_large_image","twitter_misc":{"Estimated reading time":"1 minute"},"schema":{"@context":"https:\/\/schema.org","@graph":[{"@type":"WebPage","@id":"https:\/\/euro-movilcox.com\/","url":"https:\/\/euro-movilcox.com\/","name":"Inicio - Euro Movilcox","isPartOf":{"@id":"https:\/\/euro-movilcox.com\/#website"},"primaryImageOfPage":{"@id":"https:\/\/euro-movilcox.com\/#primaryimage"},"image":{"@id":"https:\/\/euro-movilcox.com\/#primaryimage"},"thumbnailUrl":"https:\/\/euro-movilcox.com\/wp-content\/uploads\/2025\/10\/9453-1024x680.jpg","datePublished":"2025-10-03T09:10:48+00:00","dateModified":"2025-10-03T11:18:32+00:00","breadcrumb":{"@id":"https:\/\/euro-movilcox.com\/#breadcrumb"},"inLanguage":"en-GB","potentialAction":[{"@type":"ReadAction","target":["https:\/\/euro-movilcox.com\/"]}]},{"@type":"ImageObject","inLanguage":"en-GB","@id":"https:\/\/euro-movilcox.com\/#primaryimage","url":"https:\/\/euro-movilcox.com\/wp-content\/uploads\/2025\/10\/9453-1024x680.jpg","contentUrl":"https:\/\/euro-movilcox.com\/wp-content\/uploads\/2025\/10\/9453-1024x680.jpg"},{"@type":"BreadcrumbList","@id":"https:\/\/euro-movilcox.com\/#breadcrumb","itemListElement":[{"@type":"ListItem","position":1,"name":"Portada","item":"https:\/\/euro-movilcox.com\/"},{"@type":"ListItem","position":2,"name":"Inicio"}]},{"@type":"WebSite","@id":"https:\/\/euro-movilcox.com\/#website","url":"https:\/\/euro-movilcox.com\/","name":"Euro Movilcox","description":"Taller mec\u00e1nico","publisher":{"@id":"https:\/\/euro-movilcox.com\/#organization"},"potentialAction":[{"@type":"SearchAction","target":{"@type":"EntryPoint","urlTemplate":"https:\/\/euro-movilcox.com\/?s={search_term_string}"},"query-input":{"@type":"PropertyValueSpecification","valueRequired":true,"valueName":"search_term_string"}}],"inLanguage":"en-GB"},{"@type":"Organization","@id":"https:\/\/euro-movilcox.com\/#organization","name":"Euro Movilcox","url":"https:\/\/euro-movilcox.com\/","logo":{"@type":"ImageObject","inLanguage":"en-GB","@id":"https:\/\/euro-movilcox.com\/#\/schema\/logo\/image\/","url":"https:\/\/euro-movilcox.com\/wp-content\/uploads\/2025\/10\/cropped-Diseno-sin-titulo.png","contentUrl":"https:\/\/euro-movilcox.com\/wp-content\/uploads\/2025\/10\/cropped-Diseno-sin-titulo.png","width":471,"height":252,"caption":"Euro Movilcox"},"image":{"@id":"https:\/\/euro-movilcox.com\/#\/schema\/logo\/image\/"}}]}},"_links":{"self":[{"href":"https:\/\/euro-movilcox.com\/en\/wp-json\/wp\/v2\/pages\/10","targetHints":{"allow":["GET"]}}],"collection":[{"href":"https:\/\/euro-movilcox.com\/en\/wp-json\/wp\/v2\/pages"}],"about":[{"href":"https:\/\/euro-movilcox.com\/en\/wp-json\/wp\/v2\/types\/page"}],"author":[{"embeddable":true,"href":"https:\/\/euro-movilcox.com\/en\/wp-json\/wp\/v2\/users\/1"}],"replies":[{"embeddable":true,"href":"https:\/\/euro-movilcox.com\/en\/wp-json\/wp\/v2\/comments?post=10"}],"version-history":[{"count":49,"href":"https:\/\/euro-movilcox.com\/en\/wp-json\/wp\/v2\/pages\/10\/revisions"}],"predecessor-version":[{"id":240,"href":"https:\/\/euro-movilcox.com\/en\/wp-json\/wp\/v2\/pages\/10\/revisions\/240"}],"wp:attachment":[{"href":"https:\/\/euro-movilcox.com\/en\/wp-json\/wp\/v2\/media?parent=10"}],"curies":[{"name":"wp","href":"https:\/\/api.w.org\/{rel}","templated":true}]}}